{"id":2758,"date":"2022-02-04T18:52:41","date_gmt":"2022-02-04T18:52:41","guid":{"rendered":"https:\/\/taraski.giemmepartners.com\/?page_id=2758"},"modified":"2022-02-04T18:56:38","modified_gmt":"2022-02-04T18:56:38","slug":"privacy-policy-2","status":"publish","type":"page","link":"https:\/\/taraski.net\/index.php\/privacy-policy-2\/","title":{"rendered":"Privacy policy &#8211; English"},"content":{"rendered":"\n<h2 id=\"chi-siamo\">Chi siamo<\/h2>\n\n\n\n<p>L&#8217;indirizzo del nostro sito web \u00e8: https:\/\/taraski.net.<\/p>\n\n\n\n<h2 id=\"condizioni-generali\">Condizioni generali<\/h2>\n\n\n\n<p>taraski.net (qui denominato sito) \u00e8 propriet\u00e0 esclusiva di Giancarlo Taraschi (qui denominato propriet\u00e0) con sede in Str. delle Vallette, 10 &#8211; 010151 &#8211; Torino (TO), E-mail: giancarlo.taraschi@gmail.it. Il sito non viene aggiornato in modo regolare e senza nessuna cadenza periodica e pertanto non deve essere registrato come prodotto editoriale secondo la legge 47 del 1948.<br>Nelle presenti Condizioni Generali di Servizio sono contenuti tutti i termini e le condizioni di servizio che regolano l&#8217;utilizzo del sito. Utilizzando il sito l&#8217;utente dichiara di accettare e rispettare tutte le condizioni di servizio.<\/p>\n\n\n\n<h2 id=\"uso-del-sito\">Uso del sito<\/h2>\n\n\n\n<p>L&#8217;Utente conviene esplicitamente e garantisce che il suo uso del Sito avverr\u00e0 nel pieno rispetto delle Condizioni generali di servizio, e che non violer\u00e0 i diritti di qualsiasi altro soggetto, che non costituir\u00e0 inadempimento di un&#8217;obbligazione contrattuale o un obbligo legale nei confronti di terzi, e che non contravverr\u00e0 alle leggi vigenti. Inoltre conviene esplicitamente di liberare la propriet\u00e0 da ogni responsabilit\u00e0, nei confronti di qualsiasi soggetto, derivante da un uso del Sito non conforme a queste Condizioni.<\/p>\n\n\n\n<h2 id=\"all-utente-e-fatto-espressamente-divieto-di\">All&#8217;Utente \u00e8 fatto espressamente divieto di:<\/h2>\n\n\n\n<p>\u2022 utilizzare il Sito in maniera tale da danneggiare, mettere fuori servizio, sovraccaricare o comunque pregiudicare il funzionamento del Sito stesso o della rete\/i cui esso \u00e8 collegato;<br>\u2022 porre in essere qualsivoglia azione che possa interferire o impedire l&#8217;utilizzo del Sito da parte di terzi;<br>\u2022 tentare di accedere, con qualunque mezzo illecito al Sito o ad informazioni e\/o dati relativi agli Utenti registrati e\/o ad elaboratori e reti connesse al Sito stesso.<\/p>\n\n\n\n<h2 id=\"proprieta-dei-contenuti\">Propriet\u00e0 dei contenuti<\/h2>\n\n\n\n<p>Salvo che sia diversamente indicato, il Sito, la sua grafica, e tutti i testi, le immagini, i marchi, i loghi e quanto contenuto nel Sito \u00e8 di propriet\u00e0 di Giancarlo Taraschi, e tutti i diritti sono riservati.<br>I suddetti diritti sono protetti dalle leggi e dai trattati internazionali applicabili in materia di tutela della propriet\u00e0 intellettuale, ed \u00e8 pertanto vietata, oltre che sanzionata civilmente e penalmente, ogni forma di riproduzione e ridistribuzione, anche parziale, del layout e della grafica del Sito, nonch\u00e9 dei contenuti in esso presenti, senza il preventivo consenso scritto della propriet\u00e0.<\/p>\n\n\n\n<h2 id=\"esclusione-di-garanzia-e-limitazione-di-responsabilita\">Esclusione di garanzia e limitazione di responsabilit\u00e0<\/h2>\n\n\n\n<p>Nei limiti previsti dalla legge e fatti salvi i diritti dei consumatori, il Sito non fornisce alcuna garanzia sull&#8217;idoneit\u00e0 del suo contenuto, per qualsiasi scopo. Inoltre non assume alcuna garanzia circa l&#8217;accuratezza o il carattere esclusivo del contenuto del sito.<br>L&#8217;Utente usa il Sito sotto la sua esclusiva responsabilit\u00e0, e Giancarlo Taraschi in quanto proprietario non potr\u00e0 essere ritenuto responsabile, a titolo contrattuale o a titolo extracontrattuale, per perdite o danni derivanti dall&#8217;uso del Sito, compresi, senza alcuna limitazione, qualsiasi danno (diretto, indiretto, punitivo o consequenziale) e qualsiasi perdita (di reddito, di profitti, di avviamento, di dati, di contratti, di impiego di denaro), nonch\u00e9 perdite o danni derivanti da interruzione di affari determinate dall&#8217;uso o dall&#8217;impossibilit\u00e0 di utilizzo ovvero dai risultati dell&#8217;uso di questo Sito.<\/p>\n\n\n\n<h2 id=\"siti-esterni\">Siti esterni<\/h2>\n\n\n\n<p>Il Sito contiene link e banner a siti di terzi che non sono sotto il controllo della propriet\u00e0, e non assume alcuna responsabilit\u00e0 per i contenuti di tali siti o per i servizi da essi forniti. Il Sito fornisce tali link e banner ma ci\u00f2 non implica in alcun modo approvazione o affiliazione con il sito linkato. I siti linkati sono di propriet\u00e0 di terzi che li gestiscono autonomamente, e pertanto il Sito non pu\u00f2 assicurare che l&#8217;Utente sar\u00e0 soddisfatto dei loro prodotti o servizi o modalit\u00e0 imprenditoriali. Pertanto \u00e8 opportuno che l&#8217;Utente svolga tutti gli accertamenti che riterr\u00e0 necessari ed opportuni prima di avviare alcuna transazione con tali soggetti. Tramite questi siti esterni viene utilizzato il remarketing con Google Analytics per questioni pubblicitarie e i fornitori terzi utilizzano insieme cookie proprietari e cookie di terze parti per informare, ottimizzare e pubblicare annunci sulla base delle precedenti visite di un utente al tuo sito web.<\/p>\n\n\n\n<h2 id=\"file-di-registrazione-log-files\">File di Registrazione (Log Files)<\/h2>\n\n\n\n<p>Come molti altri siti web, il nostro utilizza file di log. Questi file registrano semplicemente i visitatori del sito &#8211; di solito una procedura standard delle aziende di hosting e dei servizi di analisi degli hosting.<br>Le informazioni contenute nei file di registro comprendono indirizzi di protocollo Internet (IP), il tipo di browser, Internet Service Provider (ISP), informazioni come data e ora, pagine referral, pagine d&#8217;uscita ed entrata o il numero di clic.<br>Queste informazioni vengono utilizzate per analizzare le tendenze, amministrare il sito, monitorare il movimento degli utenti sul sito e raccogliere informazioni demografiche. Gli indirizzi IP e le altre informazioni non sono collegate a informazioni personali che possono essere identificate, dunque tutti i dati sono raccolti in forma assolutamente anonima.<\/p>\n\n\n\n<h2 id=\"cookie-policy\">Cookie policy<\/h2>\n\n\n\n<p>Per far funzionare bene il sito e offrire una migliore navigazione, a volte installiamo sul tuo dispositivo dei piccoli file di dati che si chiamano &#8220;cookies&#8221;. Sistema che utilizzano quasi tutti i siti.<\/p>\n\n\n\n<h2 id=\"cosa-sono-i-cookies\">Cosa sono i cookies?<\/h2>\n\n\n\n<p>I cookie sono dei semplici file di testo nati per memorizzare informazioni quando navighi su un sito con lo scopo di migliorare la navigazione all&#8217;interno del sito stesso.<br><br>Questo sito web utilizza solo ed esclusivamente cookies di tipo tecnico: ci\u00f2 significa che i cookies installati direttamente dal sito web servono solo ed esclusivamente a garantire la corretta fruibilit\u00e0 delle pagine e dei servizi di questo sito web.<br>Mancando qualsiasi attivit\u00e0 di profilazione, per questo sito web non sussiste obbligo di notificazione all&#8217;Autorit\u00e0 Garante per il trattamento dei dati personali ai sensi dell&#8217;art. 163 del D. Lgs. 196\/2003 (&#8220;Codice della Privacy&#8221;).<\/p>\n\n\n\n<p>Google Analytics: (Cookie di terze parti) Questo sito usa il servizio Google Analytics per il monitoraggio delle visite: i cookies generati da questo servizio sono di tipo analytics (quindi considerati cookies tecnici a tutti gli effetti) e raccolgono dati in forma aggregata circa gli accessi alle pagine che compongono questo sito web. Gli indirizzi IP dei visitatori sono anonimizzati e comunque i dati raccolti non sono utilizzati per attivit\u00e0 di profilazione e\/o per l&#8217;invio di messaggi pubblicitari mirati.<br>Ulteriori informazioni sulla gestione della privacy e\/o sulle modalit\u00e0 per rifiutare o eliminare questo tipo di cookie sono disponibili alla URL: http:\/\/www.google.it\/intl\/it\/analytics\/privacyoverview.html.<br>L&#8217;Utente pu\u00f2 disabilitare in modo selettivo l&#8217;azione di Google Analytics installando sul proprio browser il componente di opt-out fornito da Google. Per disabilitare la raccolta di dati da parte di Google Analytics, si rinvia al link di seguito indicato: https:\/\/tools.google.com\/dlpage\/gaoptout<\/p>\n\n\n\n<p>Contenuti Embeddati: (Cookie di terze parti) Il Sito utilizza a volte in modo non costante video di Youtube e Vimeo, contenuti dei social Twitter, Facebook, Google+ e in generale in base all&#8217;occorrenza contenuti embeddabili di altre piattaforme. Il sito non pu\u00f2 controllare i cookie che questi siti di terze parti erogano e per questo \u00e8 consigliato informarsi direttamente presso ogni terza parte per avere maggior controllo su questi cookie. Di seguito alcuni link utili alle policy cookie delle terze parti citate:<br>\u2022 Facebook <a href=\"https:\/\/www.facebook.com\/help\/cookies\/\">https:\/\/www.facebook.com\/help\/cookies\/<\/a><br>\u2022 Twitter <a href=\"https:\/\/twitter.com\/privacy?lang=en\">https:\/\/twitter.com\/privacy?lang=en<\/a><br>\u2022 Youtube <a href=\"https:\/\/www.google.it\/intl\/it\/policies\/privacy\/\">https:\/\/www.google.it\/intl\/it\/policies\/privacy\/<\/a><br>\u2022 Google+ <a href=\"http:\/\/www.google.com\/policies\/technologies\/types\/\">http:\/\/www.google.com\/policies\/technologies\/types\/<\/a><br>\u2022 AddToAny <a href=\"https:\/\/www.addtoany.com\/privacy\">https:\/\/www.addtoany.com\/privacy<\/a><br>\u2022 Gravatar<a href=\"https:\/\/www.addtoany.com\/privacy\"> https:\/\/automattic.com\/privacy\/<\/a><\/p>\n\n\n\n<p>Google Fonts: (Cookie di terze parti) Il sito utilizza in alcune parti del sito dei font dal servizio Google Fonts. Per informazioni sui cookie in questione ecco il link https:\/\/www.google.it\/intl\/it\/policies\/privacy\/<\/p>\n\n\n\n<p>Adsense: (Cookie di terze parti) il sito per mostrare i banner presenti all&#8217;interno delle pagine si avvale del servizio di terze parti Adsense. Il servizio viene usato in modo basilare e dunque senza alcun tipo di analisi comportamentale. Per maggiori informazioni sui cookie in questione utilizzate i seguenti link http:\/\/www.google.com\/policies\/technologies\/ads\/ &#8211; http:\/\/www.google.it\/policies\/privacy\/<\/p>\n\n\n\n<h2 id=\"come-modificare-e-o-eliminare-le-impostazioni-sui-cookies\">Come modificare e\/o eliminare le impostazioni sui cookies<\/h2>\n\n\n\n<p>La maggior parte dei browser accetta automaticamente i cookies, ma l&#8217;utente normalmente pu\u00f2 modificare le impostazioni per disabilitare tale funzione. E&#8217; possibile bloccare tutte le tipologie di cookies, oppure accettare di riceverne soltanto alcuni e disabilitarne altri.<br>La sezione &#8220;Opzioni&#8221; o &#8220;Preferenze&#8221; nel menu del browser permettono di evitare di ricevere cookies e altre tecnologie di tracciamento utente.<br>In alternativa, \u00e8 anche possibile consultare la sezione &#8220;Aiuto&#8221; della barra degli strumenti presente nella maggior parte dei browser.<br>E&#8217; anche possibile selezionare il browser che viene utilizzato dalla lista di seguito e seguirne le istruzioni: \u2013 Internet Explorer; \u2013 Chrome; \u2013 Safari; \u2013 Firefox; \u2013 Opera.<br>Da dispositivo mobile: \u2013 Android; \u2013 Safari; \u2013Windows Phone; \u2013 Blackberry.<\/p>\n\n\n\n<h2 id=\"modifica-delle-condizioni\">Modifica delle Condizioni<\/h2>\n\n\n\n<p>Le condizioni di servizio possono essere modificate in qualsiasi momento per ragioni di carattere giuridico o tecnico.<\/p>\n","protected":false},"excerpt":{"rendered":"<p>Chi siamo L&#8217;indirizzo del nostro sito web \u00e8: https:\/\/taraski.net. Condizioni generali taraski.net (qui denominato sito) \u00e8 propriet\u00e0 esclusiva di Giancarlo [&hellip;]<\/p>\n","protected":false},"author":1,"featured_media":0,"parent":0,"menu_order":0,"comment_status":"closed","ping_status":"closed","template":"","meta":[],"_links":{"self":[{"href":"https:\/\/taraski.net\/index.php\/wp-json\/wp\/v2\/pages\/2758"}],"collection":[{"href":"https:\/\/taraski.net\/index.php\/wp-json\/wp\/v2\/pages"}],"about":[{"href":"https:\/\/taraski.net\/index.php\/wp-json\/wp\/v2\/types\/page"}],"author":[{"embeddable":true,"href":"https:\/\/taraski.net\/index.php\/wp-json\/wp\/v2\/users\/1"}],"replies":[{"embeddable":true,"href":"https:\/\/taraski.net\/index.php\/wp-json\/wp\/v2\/comments?post=2758"}],"version-history":[{"count":3,"href":"https:\/\/taraski.net\/index.php\/wp-json\/wp\/v2\/pages\/2758\/revisions"}],"predecessor-version":[{"id":2766,"href":"https:\/\/taraski.net\/index.php\/wp-json\/wp\/v2\/pages\/2758\/revisions\/2766"}],"wp:attachment":[{"href":"https:\/\/taraski.net\/index.php\/wp-json\/wp\/v2\/media?parent=2758"}],"curies":[{"name":"wp","href":"https:\/\/api.w.org\/{rel}","templated":true}]}}